{"id":3454,"date":"2026-01-13T08:16:27","date_gmt":"2026-01-13T08:16:27","guid":{"rendered":"https:\/\/tourbih.ba\/?page_id=3454"},"modified":"2026-01-13T08:16:27","modified_gmt":"2026-01-13T08:16:27","slug":"grad-stolac","status":"publish","type":"page","link":"https:\/\/tourbih.ba\/en\/grad-stolac\/","title":{"rendered":"GRAD STOLAC"},"content":{"rendered":"<p>Stolac \u2013 grad smje\u0161ten u jugoisto\u010dnom dijelu Bosne i Hercegovine, na krajnjem istoku Hercegova\u010dko-neretvanske \u017eupanije. Grad nastao na obalama kra\u0161ke ljepotice rijeke Bregave, koji okru\u017euju planine Hrgud te Vidovo polje s okolnim mjestima koja su ispisana perom bogate kulturne pro\u0161losti. Sa zapadne strane je Dubravska visoravan, koja je specifi\u010dna i poznata po breskvi i nadasve dubravskom vinogorju po kojem su poznata stola\u010dka vina. Stola\u010dko podru\u010dje je svojim mediteranskim \u0161armom, dobrom vodom, blagim nebom, pitomim krajolikom i skladom prirodnih ljepota, privla\u010dilo ljude od prapovijesnih vremena. Iliri i gr\u010dki pomorci, rimski patriciji, isto\u010dno gotski i osmanski osvaja\u010di, slavenski velikodostojnici, venecijanske vojskovo\u0111e, austrougarski namjesnici, te mnogi poklonici sunca, svje\u017eine rijeke Bregave, kulturno-povijesnih znamenitosti i tajnovitih poruka iz proteklih stolje\u0107a, ostavili su ovdje svoj trag: gradine i grobove, imena na plo\u010dama-poruke za one koji \u0107e za njima do\u0107i.<br>Stolac je prostor s najduljom i najrasko\u0161nijom povije\u0161\u0107u \u017eivota u Bosni i Hrecegovini, a spada u malu skupinu onih prostora na kojima su sa\u010duvana materijalna svjedo\u010denja o urbanim oblicima \u017eivota kroz razdoblje dugo preko 3.500 godina, koliko su stari posljednji poznati nalazi ilirskog grada Daorsona, kojeg zbog svoje starosti nazivaju i bosanasko-hercegova\u010dka Mikena.<\/p>\n\n\n\n<p>Kontinuitet nazo\u010dnosti ljudske zajednice na prostoru Stoca se\u017ee 16.000 godina u pro\u0161lost. Da je zainteresiranost za \u017eivot na ovom prostoru bila jo\u0161 od najstarijih vremena, to nam svjedo\u010de mjesta koja ga okru\u017euju: pe\u0107ina Badanj \u2013 paleolitsko stani\u0161te, utvr\u0111eni stari ilirski grad Daorson, koji izaziva divljenje svojim kiklopskim zidinama, te poznate nekropole ste\u0107aka na Radimlji, Boljunima, Rotimlji i Vido\u0161taku kao i sama tvr\u0111ava starog grada Kri\u017eevca. Stola\u010dki kraj kao ljudsko stani\u0161te egzistira u kontinuitetu od 15 000 godina. Naziv Stolac dobio je relativno kasno \u2013 prvi poznati podatak je iz 15. stolje\u0107a, te se razvoj Stoca prati kroz nekoliko naziva. Najstariji naziv koji sa sigurno\u0161\u0107u mo\u017eemo zabilje\u017eiti je Daorsoi, odnosno Daorson, ilirski megalitski grad u selu Osanjici povrh Stoca (IV-III stolje\u0107e p.n.e.). Slijedi rimski muncipij Dillintum, zatim castrum Vidoskij i loco dicto Stolaz, pa Vidosich, Vidoski grad, osmansko Ilce i IIstolce, potom Vidoska i kona\u010dno Stolac.<\/p>\n\n\n\n<p>Kroz svoju duga\u010dku povijest, prostor op\u0107ine Stolac je oduvijek bio zanimljiv mnogobrojnim osvaja\u010dima ali uporno\u0161\u0107u i \u017eeljom na\u0161ih ljudi za ostankom i o\u010duvanjem svoje kulture i tradicije uspjeli smo ostati i opstati na ovim prostorima.Tako je nakon proteklog domovinskog rata Dejtonskim mirovnim sporazumom prostor teritorija op\u010dine Stolac podijeljen na dva dijela ( jedan dio-48% Republika Srpska), i trenuta\u010dno se op\u0107ina Stolac prostire na povr\u0161ini od oko 286 km2 i obuhvata naseljena mjesta Aladini\u0107i, Barane, Bjelojevi\u0107i, Borojevi\u0107i, Bobanovo, Crni\u0107i-Greda, Crni\u0107i-Kula, Komanje brdo, Kozice, Kru\u0161evo, O\u0161anji\u0107i, Pje\u0161ivac-Greda, Pje\u0161ivac-Kula, Poprati, Prenj, Rotimlja, Trijebanj i dijelove naseljenih mjesta: Burmazi, Do, Hodovo, Hrgud i Poplat.<\/p>","protected":false},"excerpt":{"rendered":"<p>Stolac \u2013 grad smje\u0161ten u jugoisto\u010dnom dijelu Bosne i Hercegovine, na krajnjem istoku Hercegova\u010dko-neretvanske \u017eupanije. Grad nastao na obalama kra\u0161ke ljepotice rijeke Bregave, koji okru\u017euju planine Hrgud te Vidovo polje s okolnim mjestima koja su ispisana perom bogate kulturne pro\u0161losti. Sa zapadne strane je Dubravska visoravan, koja je specifi\u010dna i poznata po breskvi i nadasve [&hellip;]<\/p>\n","protected":false},"author":2,"featured_media":0,"parent":0,"menu_order":0,"comment_status":"closed","ping_status":"closed","template":"","meta":{"footnotes":""},"class_list":["post-3454","page","type-page","status-publish","hentry"],"yoast_head":"<!-- This site is optimized with the Yoast SEO Premium plugin v26.7 (Yoast SEO v27.1.1) - https:\/\/yoast.com\/product\/yoast-seo-premium-wordpress\/ -->\n<title>GRAD STOLAC - Tour BiH<\/title>\n<meta name=\"description\" content=\"Stolac \u2013 grad smje\u0161ten u jugoisto\u010dnom dijelu Bosne i Hercegovine, na krajnjem istoku Hercegova\u010dko-neretvanske \u017eupanije...\" \/>\n<meta name=\"robots\" content=\"index, follow, max-snippet:-1, max-image-preview:large, max-video-preview:-1\" \/>\n<link rel=\"canonical\" href=\"https:\/\/tourbih.ba\/en\/grad-stolac\/\" \/>\n<meta property=\"og:locale\" content=\"en_US\" \/>\n<meta property=\"og:type\" content=\"article\" \/>\n<meta property=\"og:title\" content=\"GRAD STOLAC\" \/>\n<meta property=\"og:description\" content=\"Stolac \u2013 grad smje\u0161ten u jugoisto\u010dnom dijelu Bosne i Hercegovine, na krajnjem istoku Hercegova\u010dko-neretvanske \u017eupanije...\" \/>\n<meta property=\"og:url\" content=\"https:\/\/tourbih.ba\/en\/grad-stolac\/\" \/>\n<meta property=\"og:site_name\" content=\"Tour BiH\" \/>\n<meta name=\"twitter:card\" content=\"summary_large_image\" \/>\n<meta name=\"twitter:label1\" content=\"Est. reading time\" \/>\n\t<meta name=\"twitter:data1\" content=\"3 minutes\" \/>\n<script type=\"application\/ld+json\" class=\"yoast-schema-graph\">{\"@context\":\"https:\/\/schema.org\",\"@graph\":[{\"@type\":\"WebPage\",\"@id\":\"https:\/\/tourbih.ba\/grad-stolac\/\",\"url\":\"https:\/\/tourbih.ba\/grad-stolac\/\",\"name\":\"GRAD STOLAC - Tour BiH\",\"isPartOf\":{\"@id\":\"https:\/\/tourbih.ba\/#website\"},\"datePublished\":\"2026-01-13T08:16:27+00:00\",\"description\":\"Stolac \u2013 grad smje\u0161ten u jugoisto\u010dnom dijelu Bosne i Hercegovine, na krajnjem istoku Hercegova\u010dko-neretvanske \u017eupanije...\",\"breadcrumb\":{\"@id\":\"https:\/\/tourbih.ba\/grad-stolac\/#breadcrumb\"},\"inLanguage\":\"en-US\",\"potentialAction\":[{\"@type\":\"ReadAction\",\"target\":[\"https:\/\/tourbih.ba\/grad-stolac\/\"]}]},{\"@type\":\"BreadcrumbList\",\"@id\":\"https:\/\/tourbih.ba\/grad-stolac\/#breadcrumb\",\"itemListElement\":[{\"@type\":\"ListItem\",\"position\":1,\"name\":\"Home\",\"item\":\"https:\/\/tourbih.ba\/\"},{\"@type\":\"ListItem\",\"position\":2,\"name\":\"GRAD STOLAC\"}]},{\"@type\":\"WebSite\",\"@id\":\"https:\/\/tourbih.ba\/#website\",\"url\":\"https:\/\/tourbih.ba\/\",\"name\":\"Tour BiH\",\"description\":\"\",\"potentialAction\":[{\"@type\":\"SearchAction\",\"target\":{\"@type\":\"EntryPoint\",\"urlTemplate\":\"https:\/\/tourbih.ba\/?s={search_term_string}\"},\"query-input\":{\"@type\":\"PropertyValueSpecification\",\"valueRequired\":true,\"valueName\":\"search_term_string\"}}],\"inLanguage\":\"en-US\"}]}<\/script>\n<!-- \/ Yoast SEO Premium plugin. -->","yoast_head_json":{"title":"GRAD STOLAC - Tour BiH","description":"Stolac \u2013 grad smje\u0161ten u jugoisto\u010dnom dijelu Bosne i Hercegovine, na krajnjem istoku Hercegova\u010dko-neretvanske \u017eupanije...","robots":{"index":"index","follow":"follow","max-snippet":"max-snippet:-1","max-image-preview":"max-image-preview:large","max-video-preview":"max-video-preview:-1"},"canonical":"https:\/\/tourbih.ba\/en\/grad-stolac\/","og_locale":"en_US","og_type":"article","og_title":"GRAD STOLAC","og_description":"Stolac \u2013 grad smje\u0161ten u jugoisto\u010dnom dijelu Bosne i Hercegovine, na krajnjem istoku Hercegova\u010dko-neretvanske \u017eupanije...","og_url":"https:\/\/tourbih.ba\/en\/grad-stolac\/","og_site_name":"Tour BiH","twitter_card":"summary_large_image","twitter_misc":{"Est. reading time":"3 minutes"},"schema":{"@context":"https:\/\/schema.org","@graph":[{"@type":"WebPage","@id":"https:\/\/tourbih.ba\/grad-stolac\/","url":"https:\/\/tourbih.ba\/grad-stolac\/","name":"GRAD STOLAC - Tour BiH","isPartOf":{"@id":"https:\/\/tourbih.ba\/#website"},"datePublished":"2026-01-13T08:16:27+00:00","description":"Stolac \u2013 grad smje\u0161ten u jugoisto\u010dnom dijelu Bosne i Hercegovine, na krajnjem istoku Hercegova\u010dko-neretvanske \u017eupanije...","breadcrumb":{"@id":"https:\/\/tourbih.ba\/grad-stolac\/#breadcrumb"},"inLanguage":"en-US","potentialAction":[{"@type":"ReadAction","target":["https:\/\/tourbih.ba\/grad-stolac\/"]}]},{"@type":"BreadcrumbList","@id":"https:\/\/tourbih.ba\/grad-stolac\/#breadcrumb","itemListElement":[{"@type":"ListItem","position":1,"name":"Home","item":"https:\/\/tourbih.ba\/"},{"@type":"ListItem","position":2,"name":"GRAD STOLAC"}]},{"@type":"WebSite","@id":"https:\/\/tourbih.ba\/#website","url":"https:\/\/tourbih.ba\/","name":"Tour BiH","description":"","potentialAction":[{"@type":"SearchAction","target":{"@type":"EntryPoint","urlTemplate":"https:\/\/tourbih.ba\/?s={search_term_string}"},"query-input":{"@type":"PropertyValueSpecification","valueRequired":true,"valueName":"search_term_string"}}],"inLanguage":"en-US"}]}},"_links":{"self":[{"href":"https:\/\/tourbih.ba\/en\/wp-json\/wp\/v2\/pages\/3454","targetHints":{"allow":["GET"]}}],"collection":[{"href":"https:\/\/tourbih.ba\/en\/wp-json\/wp\/v2\/pages"}],"about":[{"href":"https:\/\/tourbih.ba\/en\/wp-json\/wp\/v2\/types\/page"}],"author":[{"embeddable":true,"href":"https:\/\/tourbih.ba\/en\/wp-json\/wp\/v2\/users\/2"}],"replies":[{"embeddable":true,"href":"https:\/\/tourbih.ba\/en\/wp-json\/wp\/v2\/comments?post=3454"}],"version-history":[{"count":2,"href":"https:\/\/tourbih.ba\/en\/wp-json\/wp\/v2\/pages\/3454\/revisions"}],"predecessor-version":[{"id":3456,"href":"https:\/\/tourbih.ba\/en\/wp-json\/wp\/v2\/pages\/3454\/revisions\/3456"}],"wp:attachment":[{"href":"https:\/\/tourbih.ba\/en\/wp-json\/wp\/v2\/media?parent=3454"}],"curies":[{"name":"wp","href":"https:\/\/api.w.org\/{rel}","templated":true}]}}