{"id":3450,"date":"2026-01-13T08:14:05","date_gmt":"2026-01-13T08:14:05","guid":{"rendered":"https:\/\/tourbih.ba\/?page_id=3450"},"modified":"2026-01-13T08:14:06","modified_gmt":"2026-01-13T08:14:06","slug":"opcina-grude","status":"publish","type":"page","link":"https:\/\/tourbih.ba\/en\/opcina-grude\/","title":{"rendered":"OP\u0106INA GRUDE"},"content":{"rendered":"<p>Grude su op\u0107ina i naseljeno mjesto u Bosni i Hercegovini. Op\u0107ina Grude smje\u0161tena je na granici Bosne i Hercegovine i Hrvatske, na rubovima plodnoga Imotsko-bekijskog polja, u Zabiokovlju. Ome\u0111ena je Biokovom na jugu, te planinskim masivima Vrana i \u010cvrsnice na sjeveru (op\u0107ina Posu\u0161je). Sa svojih 17.308 stanovnika i povr\u0161inom od 218 \u010detvornih kilometara op\u0107ina po geopoliti\u010dkom ustroju pripada \u017dupaniji Zapadnohercegova\u010dkoj u sklopu Federacije Bosne i Hercegovine.<\/p>\n\n\n\n<p>Grude grani\u010de sa svim op\u0107inama Zapadnohercegova\u010dke \u017eupanije: Posu\u0161jem (na sjeveru) \u0160irokim Brijegom (na istoku), Ljubu\u0161kim (na jugu); kao i s op\u0107inama Imotski, Lovre\u0107, Runovi\u0107i, Zmijavci (na zapadu) u Splitsko-dalmatinskoj \u017eupaniji.<\/p>\n\n\n\n<p>Ovaj je krajolik obrastao niskim raslinjem tipi\u010dnim za kr\u0161ke krajeve. Blizina mora daje ovomu kraju blagu klimu mediteranskih obilje\u017eja.<\/p>\n\n\n\n<p>Grude su bogate i prirodnim ljepotama \u2013 od brojnih jama i pe\u0107ina karakteristi\u010dnih za ovaj kameni, kr\u0161ki krajolik pa do \u2013 \u0161to je za ovo podru\u010dje neobi\u010dno \u2013 brojnih izvora i vodenih resursa (jezero Krenica, rijeka Matica \u2013 Tihaljina \u2013 Trebi\u017eat).<\/p>\n\n\n\n<p><strong>Zemljopis<\/strong><\/p>\n\n\n\n<p>Grude, Imotsko polje \u2013 panorama. Grude su smje\u0161tene u Imotskom polju, na njegovu jugoisto\u010dnom dijelu.<\/p>\n\n\n\n<p>Kri\u017eanje ulica Hrvatskih branitelja u smjeru Ljubu\u0161koga, dr. Franje Tu\u0111mana u smjeru Imotskoga i Blage Zadre u smjeru \u0160irokog Brijega<br>Op\u0107ina Grude nalazi se u isto\u010dnom dijelu stare Imotske krajine, te obuhva\u0107a isto\u010dni dio Imotskog polja.<\/p>\n\n\n\n<p>Grude su udaljene 49 km od Mostara, 15 km od Imotskog, te 82 km od Splita.<\/p>\n\n\n\n<p><strong>Reljef i gra\u0111a<\/strong><\/p>\n\n\n\n<p>Op\u0107ina Grude je integrirana oko Imotskog polja. Ima sve karakteristike relativno zatvorene kr\u0161ke depresije. Otvorena dolina Neretve i neposredni primorski prostor na nju imaju vrlo malo utjecaja. U morfolo\u0161kom pogledu, teren je podijeljen na tri posebne jedinice i to: sjeveroisto\u010dna greda, dinarskog pravca pru\u017eanja na nadmorskoj visini od oko 590 m na \u010dijem se jugozapadnom rubu nalazi grad Grude. Zatim, prema jugoistoku se nastavlja depresija Imotskog polja na nadmorskoj visini od 270 i 250 m \u010diji se jugoisto\u010dni okvir zavr\u0161ava s dva manja rta, i to du\u017eeg na kojem se nalazi naselje Drinovci i kra\u0107eg na kojem se nalazi naselje Bla\u017eevi\u0107i. Najvi\u0161a to\u010dka u ovom dijelu ruba Imotskog polja na teritoriju op\u0107ine Grude je 674 m nadmorske visine. Nadmorska visina naselja kre\u0107e se od 160 do 560 metara nadmorske visine. Tako\u0111er, najisto\u010dnija to\u010dka Imotskog polja nalazi se u grudskoj op\u0107ini, u mjestu Podledinac (Ledinac).<\/p>\n\n\n\n<p>Na prvoj morfolo\u0161koj cjelini koja \u010dini sjeveroisto\u010dni rub Imotskog polja zbog osnovnog geolo\u0161kog suptrarta (vapnenci) nalaze se mnoge vrta\u010de i humovi, dok na jugozapadnoj gredi koja \u010dini na toj strani jugozapadni rub Imotskog polja i ranije spomenutu tre\u0107u morfolo\u0161ku cjelinu reljefa ovog prostora tih fenomena nema, jer se teren uglavnom sastoji od dolomita i dolomitskih vapnenaca. Zbog toga se na sjeveroisto\u010dnom rubu Imotskog polja javljaju zbog zaga\u0111enih zona kr\u0161ka vrela, a uz jugozapadni rub uglavnom ponori. Vrela:Klokun u Tihaljini, Grudsko vrilo. Ponori: ponor \u0160ainovac, D\u017eambin ponor, Perki\u0107a ponor, Vidrinka ponor i Mikuli\u0107a ponor. Treba naglasiti da grad smje\u0161ten na ju\u017enim i jugozapadnim padinama podbrije\u017eja Vitro\u0161a i sjeveroisto\u010dnom rubu Imotskog polja ima povoljne prostorne uvjete urbanog razvoja.<\/p>","protected":false},"excerpt":{"rendered":"<p>Grude su op\u0107ina i naseljeno mjesto u Bosni i Hercegovini. Op\u0107ina Grude smje\u0161tena je na granici Bosne i Hercegovine i Hrvatske, na rubovima plodnoga Imotsko-bekijskog polja, u Zabiokovlju. Ome\u0111ena je Biokovom na jugu, te planinskim masivima Vrana i \u010cvrsnice na sjeveru (op\u0107ina Posu\u0161je). Sa svojih 17.308 stanovnika i povr\u0161inom od 218 \u010detvornih kilometara op\u0107ina po [&hellip;]<\/p>\n","protected":false},"author":2,"featured_media":0,"parent":0,"menu_order":0,"comment_status":"closed","ping_status":"closed","template":"","meta":{"footnotes":""},"class_list":["post-3450","page","type-page","status-publish","hentry"],"yoast_head":"<!-- This site is optimized with the Yoast SEO Premium plugin v26.7 (Yoast SEO v27.1.1) - https:\/\/yoast.com\/product\/yoast-seo-premium-wordpress\/ -->\n<title>OP\u0106INA GRUDE - Tour BiH<\/title>\n<meta name=\"description\" content=\"Grude su op\u0107ina i naseljeno mjesto u Bosni i Hercegovini. Op\u0107ina Grude smje\u0161tena je na granici Bosne i Hercegovine i Hrvatske...\" \/>\n<meta name=\"robots\" content=\"index, follow, max-snippet:-1, max-image-preview:large, max-video-preview:-1\" \/>\n<link rel=\"canonical\" href=\"https:\/\/tourbih.ba\/en\/opcina-grude\/\" \/>\n<meta property=\"og:locale\" content=\"en_US\" \/>\n<meta property=\"og:type\" content=\"article\" \/>\n<meta property=\"og:title\" content=\"OP\u0106INA GRUDE\" \/>\n<meta property=\"og:description\" content=\"Grude su op\u0107ina i naseljeno mjesto u Bosni i Hercegovini. Op\u0107ina Grude smje\u0161tena je na granici Bosne i Hercegovine i Hrvatske...\" \/>\n<meta property=\"og:url\" content=\"https:\/\/tourbih.ba\/en\/opcina-grude\/\" \/>\n<meta property=\"og:site_name\" content=\"Tour BiH\" \/>\n<meta property=\"article:modified_time\" content=\"2026-01-13T08:14:06+00:00\" \/>\n<meta name=\"twitter:card\" content=\"summary_large_image\" \/>\n<meta name=\"twitter:label1\" content=\"Est. reading time\" \/>\n\t<meta name=\"twitter:data1\" content=\"3 minutes\" \/>\n<script type=\"application\/ld+json\" class=\"yoast-schema-graph\">{\"@context\":\"https:\/\/schema.org\",\"@graph\":[{\"@type\":\"WebPage\",\"@id\":\"https:\/\/tourbih.ba\/opcina-grude\/\",\"url\":\"https:\/\/tourbih.ba\/opcina-grude\/\",\"name\":\"OP\u0106INA GRUDE - Tour BiH\",\"isPartOf\":{\"@id\":\"https:\/\/tourbih.ba\/#website\"},\"datePublished\":\"2026-01-13T08:14:05+00:00\",\"dateModified\":\"2026-01-13T08:14:06+00:00\",\"description\":\"Grude su op\u0107ina i naseljeno mjesto u Bosni i Hercegovini. Op\u0107ina Grude smje\u0161tena je na granici Bosne i Hercegovine i Hrvatske...\",\"breadcrumb\":{\"@id\":\"https:\/\/tourbih.ba\/opcina-grude\/#breadcrumb\"},\"inLanguage\":\"en-US\",\"potentialAction\":[{\"@type\":\"ReadAction\",\"target\":[\"https:\/\/tourbih.ba\/opcina-grude\/\"]}]},{\"@type\":\"BreadcrumbList\",\"@id\":\"https:\/\/tourbih.ba\/opcina-grude\/#breadcrumb\",\"itemListElement\":[{\"@type\":\"ListItem\",\"position\":1,\"name\":\"Home\",\"item\":\"https:\/\/tourbih.ba\/\"},{\"@type\":\"ListItem\",\"position\":2,\"name\":\"OP\u0106INA GRUDE\"}]},{\"@type\":\"WebSite\",\"@id\":\"https:\/\/tourbih.ba\/#website\",\"url\":\"https:\/\/tourbih.ba\/\",\"name\":\"Tour BiH\",\"description\":\"\",\"potentialAction\":[{\"@type\":\"SearchAction\",\"target\":{\"@type\":\"EntryPoint\",\"urlTemplate\":\"https:\/\/tourbih.ba\/?s={search_term_string}\"},\"query-input\":{\"@type\":\"PropertyValueSpecification\",\"valueRequired\":true,\"valueName\":\"search_term_string\"}}],\"inLanguage\":\"en-US\"}]}<\/script>\n<!-- \/ Yoast SEO Premium plugin. -->","yoast_head_json":{"title":"OP\u0106INA GRUDE - Tour BiH","description":"Grude su op\u0107ina i naseljeno mjesto u Bosni i Hercegovini. Op\u0107ina Grude smje\u0161tena je na granici Bosne i Hercegovine i Hrvatske...","robots":{"index":"index","follow":"follow","max-snippet":"max-snippet:-1","max-image-preview":"max-image-preview:large","max-video-preview":"max-video-preview:-1"},"canonical":"https:\/\/tourbih.ba\/en\/opcina-grude\/","og_locale":"en_US","og_type":"article","og_title":"OP\u0106INA GRUDE","og_description":"Grude su op\u0107ina i naseljeno mjesto u Bosni i Hercegovini. Op\u0107ina Grude smje\u0161tena je na granici Bosne i Hercegovine i Hrvatske...","og_url":"https:\/\/tourbih.ba\/en\/opcina-grude\/","og_site_name":"Tour BiH","article_modified_time":"2026-01-13T08:14:06+00:00","twitter_card":"summary_large_image","twitter_misc":{"Est. reading time":"3 minutes"},"schema":{"@context":"https:\/\/schema.org","@graph":[{"@type":"WebPage","@id":"https:\/\/tourbih.ba\/opcina-grude\/","url":"https:\/\/tourbih.ba\/opcina-grude\/","name":"OP\u0106INA GRUDE - Tour BiH","isPartOf":{"@id":"https:\/\/tourbih.ba\/#website"},"datePublished":"2026-01-13T08:14:05+00:00","dateModified":"2026-01-13T08:14:06+00:00","description":"Grude su op\u0107ina i naseljeno mjesto u Bosni i Hercegovini. Op\u0107ina Grude smje\u0161tena je na granici Bosne i Hercegovine i Hrvatske...","breadcrumb":{"@id":"https:\/\/tourbih.ba\/opcina-grude\/#breadcrumb"},"inLanguage":"en-US","potentialAction":[{"@type":"ReadAction","target":["https:\/\/tourbih.ba\/opcina-grude\/"]}]},{"@type":"BreadcrumbList","@id":"https:\/\/tourbih.ba\/opcina-grude\/#breadcrumb","itemListElement":[{"@type":"ListItem","position":1,"name":"Home","item":"https:\/\/tourbih.ba\/"},{"@type":"ListItem","position":2,"name":"OP\u0106INA GRUDE"}]},{"@type":"WebSite","@id":"https:\/\/tourbih.ba\/#website","url":"https:\/\/tourbih.ba\/","name":"Tour BiH","description":"","potentialAction":[{"@type":"SearchAction","target":{"@type":"EntryPoint","urlTemplate":"https:\/\/tourbih.ba\/?s={search_term_string}"},"query-input":{"@type":"PropertyValueSpecification","valueRequired":true,"valueName":"search_term_string"}}],"inLanguage":"en-US"}]}},"_links":{"self":[{"href":"https:\/\/tourbih.ba\/en\/wp-json\/wp\/v2\/pages\/3450","targetHints":{"allow":["GET"]}}],"collection":[{"href":"https:\/\/tourbih.ba\/en\/wp-json\/wp\/v2\/pages"}],"about":[{"href":"https:\/\/tourbih.ba\/en\/wp-json\/wp\/v2\/types\/page"}],"author":[{"embeddable":true,"href":"https:\/\/tourbih.ba\/en\/wp-json\/wp\/v2\/users\/2"}],"replies":[{"embeddable":true,"href":"https:\/\/tourbih.ba\/en\/wp-json\/wp\/v2\/comments?post=3450"}],"version-history":[{"count":2,"href":"https:\/\/tourbih.ba\/en\/wp-json\/wp\/v2\/pages\/3450\/revisions"}],"predecessor-version":[{"id":3452,"href":"https:\/\/tourbih.ba\/en\/wp-json\/wp\/v2\/pages\/3450\/revisions\/3452"}],"wp:attachment":[{"href":"https:\/\/tourbih.ba\/en\/wp-json\/wp\/v2\/media?parent=3450"}],"curies":[{"name":"wp","href":"https:\/\/api.w.org\/{rel}","templated":true}]}}