{"id":3442,"date":"2026-01-12T23:26:19","date_gmt":"2026-01-12T23:26:19","guid":{"rendered":"https:\/\/tourbih.ba\/?page_id=3442"},"modified":"2026-01-12T23:26:20","modified_gmt":"2026-01-12T23:26:20","slug":"grad-konjic","status":"publish","type":"page","link":"https:\/\/tourbih.ba\/en\/grad-konjic\/","title":{"rendered":"KONJIC"},"content":{"rendered":"<p><strong>Konjic<\/strong>, smje\u0161ten izme\u0111u planina i osvje\u017een bistrinom rijeke <strong>Neretve<\/strong>, grad je u kojem se priroda i sport susre\u0107u u savr\u0161enom skladu. Okru\u017een brdima i netaknutim krajolicima, Konjic o\u010darava svojom autenti\u010dno\u0161\u0107u i izra\u017eenom ljepotom sva \u010detiri godi\u0161nja doba.<\/p>\n\n\n\n<p>Grad u\u017eiva obilje sunca tijekom ljeta, zimski snje\u017eni ugo\u0111aj, te prolje\u0107a i jeseni koji dodatno nagla\u0161avaju njegov prirodni karakter. Njegov povoljan geografski polo\u017eaj, blizina me\u0111unarodne zra\u010dne luke, va\u017enih vjerskih i kulturnih destinacija te jadranske obale, \u010dine Konjic prirodnim raskri\u017ejem putova i idealnom postajom na sportskoj ruti.<\/p>\n\n\n\n<p>Kao <strong>prolazni cilj Tour of Bosnia and Herzegovina<\/strong>, Konjic donosi poseban ritam utrci \u2013 trenutak borbe, takti\u010dkog nadmetanja i susreta sporta\u0161a s publikom u ambijentu koji odi\u0161e avanturom. Grad na Neretvi tako postaje sna\u017ena to\u010dka povezivanja prirode, sporta i do\u017eivljaja, potvr\u0111uju\u0107i Bosnu i Hercegovinu kao zemlju iznimnih biciklisti\u010dkih destinacija.<\/p>\n\n\n\n<p><strong>Upoznajte Konjic<\/strong><\/p>\n\n\n\n<p>Ako razmi\u0161lja\u0161 o mjestu na kojem mo\u017ee\u0161 vratiti mir du\u0161i, uznemirenu energiju staviti u level potpune nirvane, ili naprotiv,\u00a0 sve suprotno od izre\u010denog, onda kreni prema mjestu koje se zove Konjic.<\/p>\n\n\n\n<p>Dotakli su ga se Iliri i Rimljani, a potom Osmanlije, Austrijanci i Jugosloveni, pe\u010dat mu svojim kulturama i obi\u010dajima utisnu\u0161e mnogi. Konjic je grad znamenitih ljudi od pera i kista, za koje postoje posebna mjesta sje\u0107anja.<\/p>\n\n\n\n<p>U rodnoj ku\u0107i Zuke D\u017eumhura i Zavi\u010dajnom muzeju \u010duvaju se predmeti koji svjedo\u010de o pro\u0161losti konji\u010dkog kraja. U muzeju su izlo\u017eene replike sa nalazi\u0161ta sveti\u0161ta boga Mitrasa, Suda\u010dka stolica, razli\u010diti predmeti upotrebne vrijednosti kao i zbirka posve\u0107ena velikom Lazaru Drlja\u010di, posljednjem bogumilu.<\/p>\n\n\n\n<p>Konjic je grad pozori\u0161ta i grad nadaleko poznatog ansambla Djevojke s Neretve, grad drvorezbarstva, grad iznimno ugodne klime i o\u010duvane prirode.<\/p>\n\n\n\n<p>Sakriven me\u0111u brdima, osvje\u017een i umiven bistrinom rijeke, samo \u0107e ti bljesnuti pred o\u010dima. Upita\u0107e\u0161 sebe, prije no ikog drugog, gdje sam? Jesam li utonuo u san il\u2019 sam iz sna probu\u0111en, ba\u0161 na ovom mjestu kojeg Konjicom nazva\u0161e.<\/p>\n\n\n\n<p>I otvori\u0161 mu knjigu postanka, koja svjedo\u010di da prvi zapis o naseljenom mjestu Konjic datira od 16. juna 1382. godine. Te godine kad je trgova\u010dka karavana pro\u0161la, i ostavila pismeni trag, premda pronalasci arheolo\u0161kih ostataka, me\u0111u kojima je najzna\u010dajnije nalazi\u0161te hram boga Mitrasa u samom sredi\u0161tu grada, potvr\u0111uju da je ovo naselje postojalo i mnogo ranije.<\/p>\n\n\n\n<p>Sakriven me\u0111u brdima, osvje\u017een i umiven bistrinom rijeke, samo \u0107e ti bljesnuti pred o\u010dima. Upita\u0107e\u0161 sebe, prije no ikog drugog, gdje sam? Jesam li utonuo u san il\u2019 sam iz sna probu\u0111en, ba\u0161 na ovom mjestu kojeg Konjicom nazva\u0161e.<\/p>\n\n\n\n<p>I otvori\u0161 mu knjigu postanka, koja svjedo\u010di da prvi zapis o naseljenom mjestu Konjic datira od 16. juna 1382. godine. Te godine kad je trgova\u010dka karavana pro\u0161la, i ostavila pismeni trag, premda pronalasci arheolo\u0161kih ostataka, me\u0111u kojima je najzna\u010dajnije nalazi\u0161te hram boga Mitrasa u samom sredi\u0161tu grada, potvr\u0111uju da je ovo naselje postojalo i mnogo ranije.<\/p>","protected":false},"excerpt":{"rendered":"<p>Konjic, smje\u0161ten izme\u0111u planina i osvje\u017een bistrinom rijeke Neretve, grad je u kojem se priroda i sport susre\u0107u u savr\u0161enom skladu. Okru\u017een brdima i netaknutim krajolicima, Konjic o\u010darava svojom autenti\u010dno\u0161\u0107u i izra\u017eenom ljepotom sva \u010detiri godi\u0161nja doba. Grad u\u017eiva obilje sunca tijekom ljeta, zimski snje\u017eni ugo\u0111aj, te prolje\u0107a i jeseni koji dodatno nagla\u0161avaju njegov prirodni [&hellip;]<\/p>\n","protected":false},"author":2,"featured_media":0,"parent":0,"menu_order":0,"comment_status":"closed","ping_status":"closed","template":"","meta":{"footnotes":""},"class_list":["post-3442","page","type-page","status-publish","hentry"],"yoast_head":"<!-- This site is optimized with the Yoast SEO Premium plugin v26.7 (Yoast SEO v27.1.1) - https:\/\/yoast.com\/product\/yoast-seo-premium-wordpress\/ -->\n<title>KONJIC - Tour BiH<\/title>\n<meta name=\"description\" content=\"Konjic, smje\u0161ten izme\u0111u planina i osvje\u017een bistrinom rijeke Neretve, grad je u kojem se priroda i sport susre\u0107u u savr\u0161enom skladu...\" \/>\n<meta name=\"robots\" content=\"index, follow, max-snippet:-1, max-image-preview:large, max-video-preview:-1\" \/>\n<link rel=\"canonical\" href=\"https:\/\/tourbih.ba\/en\/grad-konjic\/\" \/>\n<meta property=\"og:locale\" content=\"en_US\" \/>\n<meta property=\"og:type\" content=\"article\" \/>\n<meta property=\"og:title\" content=\"KONJIC\" \/>\n<meta property=\"og:description\" content=\"Konjic, smje\u0161ten izme\u0111u planina i osvje\u017een bistrinom rijeke Neretve, grad je u kojem se priroda i sport susre\u0107u u savr\u0161enom skladu...\" \/>\n<meta property=\"og:url\" content=\"https:\/\/tourbih.ba\/en\/grad-konjic\/\" \/>\n<meta property=\"og:site_name\" content=\"Tour BiH\" \/>\n<meta property=\"article:modified_time\" content=\"2026-01-12T23:26:20+00:00\" \/>\n<meta name=\"twitter:card\" content=\"summary_large_image\" \/>\n<meta name=\"twitter:label1\" content=\"Est. reading time\" \/>\n\t<meta name=\"twitter:data1\" content=\"3 minutes\" \/>\n<script type=\"application\/ld+json\" class=\"yoast-schema-graph\">{\"@context\":\"https:\/\/schema.org\",\"@graph\":[{\"@type\":\"WebPage\",\"@id\":\"https:\/\/tourbih.ba\/grad-konjic\/\",\"url\":\"https:\/\/tourbih.ba\/grad-konjic\/\",\"name\":\"KONJIC - Tour BiH\",\"isPartOf\":{\"@id\":\"https:\/\/tourbih.ba\/#website\"},\"datePublished\":\"2026-01-12T23:26:19+00:00\",\"dateModified\":\"2026-01-12T23:26:20+00:00\",\"description\":\"Konjic, smje\u0161ten izme\u0111u planina i osvje\u017een bistrinom rijeke Neretve, grad je u kojem se priroda i sport susre\u0107u u savr\u0161enom skladu...\",\"breadcrumb\":{\"@id\":\"https:\/\/tourbih.ba\/grad-konjic\/#breadcrumb\"},\"inLanguage\":\"en-US\",\"potentialAction\":[{\"@type\":\"ReadAction\",\"target\":[\"https:\/\/tourbih.ba\/grad-konjic\/\"]}]},{\"@type\":\"BreadcrumbList\",\"@id\":\"https:\/\/tourbih.ba\/grad-konjic\/#breadcrumb\",\"itemListElement\":[{\"@type\":\"ListItem\",\"position\":1,\"name\":\"Home\",\"item\":\"https:\/\/tourbih.ba\/\"},{\"@type\":\"ListItem\",\"position\":2,\"name\":\"KONJIC\"}]},{\"@type\":\"WebSite\",\"@id\":\"https:\/\/tourbih.ba\/#website\",\"url\":\"https:\/\/tourbih.ba\/\",\"name\":\"Tour BiH\",\"description\":\"\",\"potentialAction\":[{\"@type\":\"SearchAction\",\"target\":{\"@type\":\"EntryPoint\",\"urlTemplate\":\"https:\/\/tourbih.ba\/?s={search_term_string}\"},\"query-input\":{\"@type\":\"PropertyValueSpecification\",\"valueRequired\":true,\"valueName\":\"search_term_string\"}}],\"inLanguage\":\"en-US\"}]}<\/script>\n<!-- \/ Yoast SEO Premium plugin. -->","yoast_head_json":{"title":"KONJIC - Tour BiH","description":"Konjic, smje\u0161ten izme\u0111u planina i osvje\u017een bistrinom rijeke Neretve, grad je u kojem se priroda i sport susre\u0107u u savr\u0161enom skladu...","robots":{"index":"index","follow":"follow","max-snippet":"max-snippet:-1","max-image-preview":"max-image-preview:large","max-video-preview":"max-video-preview:-1"},"canonical":"https:\/\/tourbih.ba\/en\/grad-konjic\/","og_locale":"en_US","og_type":"article","og_title":"KONJIC","og_description":"Konjic, smje\u0161ten izme\u0111u planina i osvje\u017een bistrinom rijeke Neretve, grad je u kojem se priroda i sport susre\u0107u u savr\u0161enom skladu...","og_url":"https:\/\/tourbih.ba\/en\/grad-konjic\/","og_site_name":"Tour BiH","article_modified_time":"2026-01-12T23:26:20+00:00","twitter_card":"summary_large_image","twitter_misc":{"Est. reading time":"3 minutes"},"schema":{"@context":"https:\/\/schema.org","@graph":[{"@type":"WebPage","@id":"https:\/\/tourbih.ba\/grad-konjic\/","url":"https:\/\/tourbih.ba\/grad-konjic\/","name":"KONJIC - Tour BiH","isPartOf":{"@id":"https:\/\/tourbih.ba\/#website"},"datePublished":"2026-01-12T23:26:19+00:00","dateModified":"2026-01-12T23:26:20+00:00","description":"Konjic, smje\u0161ten izme\u0111u planina i osvje\u017een bistrinom rijeke Neretve, grad je u kojem se priroda i sport susre\u0107u u savr\u0161enom skladu...","breadcrumb":{"@id":"https:\/\/tourbih.ba\/grad-konjic\/#breadcrumb"},"inLanguage":"en-US","potentialAction":[{"@type":"ReadAction","target":["https:\/\/tourbih.ba\/grad-konjic\/"]}]},{"@type":"BreadcrumbList","@id":"https:\/\/tourbih.ba\/grad-konjic\/#breadcrumb","itemListElement":[{"@type":"ListItem","position":1,"name":"Home","item":"https:\/\/tourbih.ba\/"},{"@type":"ListItem","position":2,"name":"KONJIC"}]},{"@type":"WebSite","@id":"https:\/\/tourbih.ba\/#website","url":"https:\/\/tourbih.ba\/","name":"Tour BiH","description":"","potentialAction":[{"@type":"SearchAction","target":{"@type":"EntryPoint","urlTemplate":"https:\/\/tourbih.ba\/?s={search_term_string}"},"query-input":{"@type":"PropertyValueSpecification","valueRequired":true,"valueName":"search_term_string"}}],"inLanguage":"en-US"}]}},"_links":{"self":[{"href":"https:\/\/tourbih.ba\/en\/wp-json\/wp\/v2\/pages\/3442","targetHints":{"allow":["GET"]}}],"collection":[{"href":"https:\/\/tourbih.ba\/en\/wp-json\/wp\/v2\/pages"}],"about":[{"href":"https:\/\/tourbih.ba\/en\/wp-json\/wp\/v2\/types\/page"}],"author":[{"embeddable":true,"href":"https:\/\/tourbih.ba\/en\/wp-json\/wp\/v2\/users\/2"}],"replies":[{"embeddable":true,"href":"https:\/\/tourbih.ba\/en\/wp-json\/wp\/v2\/comments?post=3442"}],"version-history":[{"count":2,"href":"https:\/\/tourbih.ba\/en\/wp-json\/wp\/v2\/pages\/3442\/revisions"}],"predecessor-version":[{"id":3444,"href":"https:\/\/tourbih.ba\/en\/wp-json\/wp\/v2\/pages\/3442\/revisions\/3444"}],"wp:attachment":[{"href":"https:\/\/tourbih.ba\/en\/wp-json\/wp\/v2\/media?parent=3442"}],"curies":[{"name":"wp","href":"https:\/\/api.w.org\/{rel}","templated":true}]}}