{"id":3422,"date":"2026-01-12T23:05:30","date_gmt":"2026-01-12T23:05:30","guid":{"rendered":"https:\/\/tourbih.ba\/?page_id=3422"},"modified":"2026-01-20T08:16:07","modified_gmt":"2026-01-20T08:16:07","slug":"grad-sarajevo","status":"publish","type":"page","link":"https:\/\/tourbih.ba\/en\/grad-sarajevo\/","title":{"rendered":"CITY OF SARAJEVO"},"content":{"rendered":"<p>Sarajevo, the capital of Bosnia and Herzegovina, represents a powerful blend of history, culture, and sport. Located in the heart of the country, the city is naturally surrounded by the Olympic mountains of Bjela\u0161nica, Jahorina, Igman, Treskavica, and Trebevi\u0107, which have shaped its sporting identity and international recognition.<\/p>\n\n\n\n<p>The Miljacka River flows through the city, and nearby is Vrelo Bosne, one of the most beautiful natural excursion sites in the region. Sarajevo is a city of rich history and strong character\u2014a place where civilizations have met and some of the most important pages of European history have been written, including hosting the 1984 Winter Olympic Games.<\/p>\n\n\n\n<p>Today, Sarajevo is a modern urban center, as well as a cultural and educational hub of the region, known for its festivals, hospitality, and unique atmosphere. As the starting point of the first stage of the Tour of Bosnia and Herzegovina, Sarajevo symbolically connects sport, tradition, and openness to the world, providing the ideal beginning for an international cycling race that promotes Bosnia and Herzegovina through elite sport. <strong>Tour of Bosnia and Herzegovina<\/strong>, Sarajevo simboli\u010dno povezuje sport, tradiciju i otvorenost prema svijetu, pru\u017eaju\u0107i idealan po\u010detak me\u0111unarodne biciklisti\u010dke utrke koja promovira Bosnu i Hercegovinu kroz vrhunski sport.<\/p>\n\n\n\n<p>Sarajevo is home to the country\u2019s largest higher education institution, the University of Sarajevo, along with several other universities, making it one of the largest academic centers in Southeastern Europe.<\/p>\n\n\n\n<p>With numerous national and city theaters, museums, and cultural institutions, Sarajevo is an important center on the cultural map of this part of Europe. Each year, the city along the Miljacka hosts numerous international cultural festivals, including the Sarajevo Film Festival (SFF), Sarajevo Jazz Festival, the summer cultural festival \u201cBa\u0161\u010dar\u0161ija Nights,\u201d the theater festival of new productions \u201cMESS,\u201d \u201cSarajevo Winter,\u201d and the World Television Festival of Oriental Music.<\/p>\n\n\n\n<p>The urban landscape of the city is marked by numerous sacred sites\u2014mosques from the Ottoman period, Orthodox, Catholic, and Evangelical churches, a synagogue, and other cultural and historical monuments. Sarajevo is relatively small compared to major global metropolises, but thanks to its rich spiritual, historical, and natural heritage, its name is better known than some much larger cities. In 1914, Archduke Franz Ferdinand of Austria and his wife Sophie were assassinated in Sarajevo, triggering World War I. Seventy years later, in 1984, the city hosted the XIV Winter Olympic Games.<\/p>\n\n\n\n<p>During the early 1990s, the city\u2019s name frequently appeared on the front pages worldwide due to one of the bloodiest conflicts in recent European history. Sarajevo was under constant siege by Serbian forces for 1,425 days. During the attacks, 10,615 people of all nationalities lost their lives, including 1,601 children, and nearly 50,000 were injured.<\/p>\n\n\n\n<h3 class=\"wp-block-heading\">Geography<\/h3>\n\n\n\n<p>Sarajevo is located almost at the geographic center of Bosnia and Herzegovina and covers an area of 142 km\u00b2. The central parts of the city lie within the composite Sarajevo valley, stretching from east to west and ending in the Sarajevo field, while the oldest city districts (Vratnik, Bistrik, Hrid, Kova\u010di, Alifakovac) are situated on the slopes of surrounding hills.<\/p>\n\n\n\n<p>The Miljacka River flows through the city from east to west, originating from several springs at the foot of the Romanija and Jahorina mountains. In the western part of the Sarajevo field, near the suburban area of Ilid\u017ea, the Bosna River emerges\u2014one of the largest rivers in Bosnia and Herzegovina\u2014formed from around thirty smaller springs at the foot of Mount Igman, creating the unique Vrelo Bosne nature park.<\/p>\n\n\n\n<p>The city center sits at an altitude of 511 meters above sea level. The lowest point in the Sarajevo valley is the Ilid\u017ea area at 498 meters, while higher parts of the city and suburban settlements on the surrounding hills\u2014Grdonj and Hum to the north, Borja to the east, and the slopes of Trebevi\u0107 to the south\u2014lie at an average altitude of about 900 meters. The city is surrounded by the forested slopes of the Olympic mountains, whose peaks exceed 2,000 meters: Bjela\u0161nica (2,067 m), Jahorina (1,916 m), Igman, Treskavica, and Trebevi\u0107 (1,629 m).<\/p>","protected":false},"excerpt":{"rendered":"<p>Sarajevo, glavni grad Bosne i Hercegovine, predstavlja sna\u017ean spoj povijesti, kulture i sporta. Smje\u0161ten u srcu zemlje, grad je prirodno okru\u017een olimpijskim planinama Bjela\u0161nicom, Jahorinom, Igmanom, Treskavicom i Trebevi\u0107em, koje su obilje\u017eile njegov sportski identitet i svjetsku prepoznatljivost. Kroz grad protje\u010de rijeka Miljacka, dok se u neposrednoj blizini nalazi Vrelo Bosne, jedno od najljep\u0161ih prirodnih [&hellip;]<\/p>\n","protected":false},"author":2,"featured_media":0,"parent":0,"menu_order":0,"comment_status":"closed","ping_status":"closed","template":"","meta":{"footnotes":""},"class_list":["post-3422","page","type-page","status-publish","hentry"],"yoast_head":"<!-- This site is optimized with the Yoast SEO Premium plugin v26.7 (Yoast SEO v27.5) - https:\/\/yoast.com\/product\/yoast-seo-premium-wordpress\/ -->\n<title>GRAD SARAJEVO - Tour BiH<\/title>\n<meta name=\"description\" content=\"Sarajevo, glavni grad Bosne i Hercegovine, predstavlja sna\u017ean spoj povijesti, kulture i sporta. Smje\u0161ten u srcu zemlje, grad je prirodno\" \/>\n<meta name=\"robots\" content=\"index, follow, max-snippet:-1, max-image-preview:large, max-video-preview:-1\" \/>\n<link rel=\"canonical\" href=\"https:\/\/tourbih.ba\/en\/grad-sarajevo\/\" \/>\n<meta property=\"og:locale\" content=\"en_US\" \/>\n<meta property=\"og:type\" content=\"article\" \/>\n<meta property=\"og:title\" content=\"GRAD SARAJEVO\" \/>\n<meta property=\"og:description\" content=\"Sarajevo, glavni grad Bosne i Hercegovine, predstavlja sna\u017ean spoj povijesti, kulture i sporta. Smje\u0161ten u srcu zemlje, grad je prirodno\" \/>\n<meta property=\"og:url\" content=\"https:\/\/tourbih.ba\/en\/grad-sarajevo\/\" \/>\n<meta property=\"og:site_name\" content=\"Tour BiH\" \/>\n<meta property=\"article:modified_time\" content=\"2026-01-20T08:16:07+00:00\" \/>\n<meta name=\"twitter:card\" content=\"summary_large_image\" \/>\n<meta name=\"twitter:label1\" content=\"Est. reading time\" \/>\n\t<meta name=\"twitter:data1\" content=\"4 minutes\" \/>\n<script type=\"application\/ld+json\" class=\"yoast-schema-graph\">{\"@context\":\"https:\\\/\\\/schema.org\",\"@graph\":[{\"@type\":\"WebPage\",\"@id\":\"https:\\\/\\\/tourbih.ba\\\/grad-sarajevo\\\/\",\"url\":\"https:\\\/\\\/tourbih.ba\\\/grad-sarajevo\\\/\",\"name\":\"GRAD SARAJEVO - Tour BiH\",\"isPartOf\":{\"@id\":\"https:\\\/\\\/tourbih.ba\\\/#website\"},\"datePublished\":\"2026-01-12T23:05:30+00:00\",\"dateModified\":\"2026-01-20T08:16:07+00:00\",\"description\":\"Sarajevo, glavni grad Bosne i Hercegovine, predstavlja sna\u017ean spoj povijesti, kulture i sporta. Smje\u0161ten u srcu zemlje, grad je prirodno\",\"breadcrumb\":{\"@id\":\"https:\\\/\\\/tourbih.ba\\\/grad-sarajevo\\\/#breadcrumb\"},\"inLanguage\":\"en-US\",\"potentialAction\":[{\"@type\":\"ReadAction\",\"target\":[\"https:\\\/\\\/tourbih.ba\\\/grad-sarajevo\\\/\"]}]},{\"@type\":\"BreadcrumbList\",\"@id\":\"https:\\\/\\\/tourbih.ba\\\/grad-sarajevo\\\/#breadcrumb\",\"itemListElement\":[{\"@type\":\"ListItem\",\"position\":1,\"name\":\"Home\",\"item\":\"https:\\\/\\\/tourbih.ba\\\/\"},{\"@type\":\"ListItem\",\"position\":2,\"name\":\"GRAD SARAJEVO\"}]},{\"@type\":\"WebSite\",\"@id\":\"https:\\\/\\\/tourbih.ba\\\/#website\",\"url\":\"https:\\\/\\\/tourbih.ba\\\/\",\"name\":\"Tour BiH\",\"description\":\"\",\"potentialAction\":[{\"@type\":\"SearchAction\",\"target\":{\"@type\":\"EntryPoint\",\"urlTemplate\":\"https:\\\/\\\/tourbih.ba\\\/?s={search_term_string}\"},\"query-input\":{\"@type\":\"PropertyValueSpecification\",\"valueRequired\":true,\"valueName\":\"search_term_string\"}}],\"inLanguage\":\"en-US\"}]}<\/script>\n<!-- \/ Yoast SEO Premium plugin. -->","yoast_head_json":{"title":"GRAD SARAJEVO - Tour BiH","description":"Sarajevo, glavni grad Bosne i Hercegovine, predstavlja sna\u017ean spoj povijesti, kulture i sporta. Smje\u0161ten u srcu zemlje, grad je prirodno","robots":{"index":"index","follow":"follow","max-snippet":"max-snippet:-1","max-image-preview":"max-image-preview:large","max-video-preview":"max-video-preview:-1"},"canonical":"https:\/\/tourbih.ba\/en\/grad-sarajevo\/","og_locale":"en_US","og_type":"article","og_title":"GRAD SARAJEVO","og_description":"Sarajevo, glavni grad Bosne i Hercegovine, predstavlja sna\u017ean spoj povijesti, kulture i sporta. Smje\u0161ten u srcu zemlje, grad je prirodno","og_url":"https:\/\/tourbih.ba\/en\/grad-sarajevo\/","og_site_name":"Tour BiH","article_modified_time":"2026-01-20T08:16:07+00:00","twitter_card":"summary_large_image","twitter_misc":{"Est. reading time":"4 minutes"},"schema":{"@context":"https:\/\/schema.org","@graph":[{"@type":"WebPage","@id":"https:\/\/tourbih.ba\/grad-sarajevo\/","url":"https:\/\/tourbih.ba\/grad-sarajevo\/","name":"GRAD SARAJEVO - Tour BiH","isPartOf":{"@id":"https:\/\/tourbih.ba\/#website"},"datePublished":"2026-01-12T23:05:30+00:00","dateModified":"2026-01-20T08:16:07+00:00","description":"Sarajevo, glavni grad Bosne i Hercegovine, predstavlja sna\u017ean spoj povijesti, kulture i sporta. Smje\u0161ten u srcu zemlje, grad je prirodno","breadcrumb":{"@id":"https:\/\/tourbih.ba\/grad-sarajevo\/#breadcrumb"},"inLanguage":"en-US","potentialAction":[{"@type":"ReadAction","target":["https:\/\/tourbih.ba\/grad-sarajevo\/"]}]},{"@type":"BreadcrumbList","@id":"https:\/\/tourbih.ba\/grad-sarajevo\/#breadcrumb","itemListElement":[{"@type":"ListItem","position":1,"name":"Home","item":"https:\/\/tourbih.ba\/"},{"@type":"ListItem","position":2,"name":"GRAD SARAJEVO"}]},{"@type":"WebSite","@id":"https:\/\/tourbih.ba\/#website","url":"https:\/\/tourbih.ba\/","name":"Tour BiH","description":"","potentialAction":[{"@type":"SearchAction","target":{"@type":"EntryPoint","urlTemplate":"https:\/\/tourbih.ba\/?s={search_term_string}"},"query-input":{"@type":"PropertyValueSpecification","valueRequired":true,"valueName":"search_term_string"}}],"inLanguage":"en-US"}]}},"_links":{"self":[{"href":"https:\/\/tourbih.ba\/en\/wp-json\/wp\/v2\/pages\/3422","targetHints":{"allow":["GET"]}}],"collection":[{"href":"https:\/\/tourbih.ba\/en\/wp-json\/wp\/v2\/pages"}],"about":[{"href":"https:\/\/tourbih.ba\/en\/wp-json\/wp\/v2\/types\/page"}],"author":[{"embeddable":true,"href":"https:\/\/tourbih.ba\/en\/wp-json\/wp\/v2\/users\/2"}],"replies":[{"embeddable":true,"href":"https:\/\/tourbih.ba\/en\/wp-json\/wp\/v2\/comments?post=3422"}],"version-history":[{"count":4,"href":"https:\/\/tourbih.ba\/en\/wp-json\/wp\/v2\/pages\/3422\/revisions"}],"predecessor-version":[{"id":3592,"href":"https:\/\/tourbih.ba\/en\/wp-json\/wp\/v2\/pages\/3422\/revisions\/3592"}],"wp:attachment":[{"href":"https:\/\/tourbih.ba\/en\/wp-json\/wp\/v2\/media?parent=3422"}],"curies":[{"name":"wp","href":"https:\/\/api.w.org\/{rel}","templated":true}]}}