{"id":3173,"date":"2026-01-11T17:07:52","date_gmt":"2026-01-11T17:07:52","guid":{"rendered":"https:\/\/tourbih.ba\/?page_id=3173"},"modified":"2026-04-01T08:00:17","modified_gmt":"2026-04-01T08:00:17","slug":"mediji","status":"publish","type":"page","link":"https:\/\/tourbih.ba\/en\/mediji\/","title":{"rendered":"MEDIA"},"content":{"rendered":"","protected":false},"excerpt":{"rendered":"","protected":false},"author":2,"featured_media":0,"parent":0,"menu_order":0,"comment_status":"closed","ping_status":"closed","template":"","meta":{"footnotes":""},"class_list":["post-3173","page","type-page","status-publish","hentry"],"yoast_head":"<!-- This site is optimized with the Yoast SEO Premium plugin v26.7 (Yoast SEO v27.5) - https:\/\/yoast.com\/product\/yoast-seo-premium-wordpress\/ -->\n<title>MEDIJI - Tour BiH<\/title>\n<meta name=\"description\" content=\"Zavirite u svijet Tour of Bosnia and Herzegovina kroz na\u0161e foto i video materijale te do\u017eivite atmosferu me\u0111unarodne biciklisti\u010dke utrke...\" \/>\n<meta name=\"robots\" content=\"index, follow, max-snippet:-1, max-image-preview:large, max-video-preview:-1\" \/>\n<link rel=\"canonical\" href=\"https:\/\/tourbih.ba\/en\/mediji\/\" \/>\n<meta property=\"og:locale\" content=\"en_US\" \/>\n<meta property=\"og:type\" content=\"article\" \/>\n<meta property=\"og:title\" content=\"MEDIJI\" \/>\n<meta property=\"og:description\" content=\"Zavirite u svijet Tour of Bosnia and Herzegovina kroz na\u0161e foto i video materijale te do\u017eivite atmosferu me\u0111unarodne biciklisti\u010dke utrke...\" \/>\n<meta property=\"og:url\" content=\"https:\/\/tourbih.ba\/en\/mediji\/\" \/>\n<meta property=\"og:site_name\" content=\"Tour BiH\" \/>\n<meta property=\"article:modified_time\" content=\"2026-04-01T08:00:17+00:00\" \/>\n<meta name=\"twitter:card\" content=\"summary_large_image\" \/>\n<meta name=\"twitter:label1\" content=\"Est. reading time\" \/>\n\t<meta name=\"twitter:data1\" content=\"10 minutes\" \/>\n<script type=\"application\/ld+json\" class=\"yoast-schema-graph\">{\"@context\":\"https:\\\/\\\/schema.org\",\"@graph\":[{\"@type\":\"WebPage\",\"@id\":\"https:\\\/\\\/tourbih.ba\\\/mediji\\\/\",\"url\":\"https:\\\/\\\/tourbih.ba\\\/mediji\\\/\",\"name\":\"MEDIJI - Tour BiH\",\"isPartOf\":{\"@id\":\"https:\\\/\\\/tourbih.ba\\\/#website\"},\"datePublished\":\"2026-01-11T17:07:52+00:00\",\"dateModified\":\"2026-04-01T08:00:17+00:00\",\"description\":\"Zavirite u svijet Tour of Bosnia and Herzegovina kroz na\u0161e foto i video materijale te do\u017eivite atmosferu me\u0111unarodne biciklisti\u010dke utrke...\",\"breadcrumb\":{\"@id\":\"https:\\\/\\\/tourbih.ba\\\/mediji\\\/#breadcrumb\"},\"inLanguage\":\"en-US\",\"potentialAction\":[{\"@type\":\"ReadAction\",\"target\":[\"https:\\\/\\\/tourbih.ba\\\/mediji\\\/\"]}]},{\"@type\":\"BreadcrumbList\",\"@id\":\"https:\\\/\\\/tourbih.ba\\\/mediji\\\/#breadcrumb\",\"itemListElement\":[{\"@type\":\"ListItem\",\"position\":1,\"name\":\"Home\",\"item\":\"https:\\\/\\\/tourbih.ba\\\/\"},{\"@type\":\"ListItem\",\"position\":2,\"name\":\"MEDIJI\"}]},{\"@type\":\"WebSite\",\"@id\":\"https:\\\/\\\/tourbih.ba\\\/#website\",\"url\":\"https:\\\/\\\/tourbih.ba\\\/\",\"name\":\"Tour BiH\",\"description\":\"\",\"potentialAction\":[{\"@type\":\"SearchAction\",\"target\":{\"@type\":\"EntryPoint\",\"urlTemplate\":\"https:\\\/\\\/tourbih.ba\\\/?s={search_term_string}\"},\"query-input\":{\"@type\":\"PropertyValueSpecification\",\"valueRequired\":true,\"valueName\":\"search_term_string\"}}],\"inLanguage\":\"en-US\"}]}<\/script>\n<!-- \/ Yoast SEO Premium plugin. -->","yoast_head_json":{"title":"MEDIJI - Tour BiH","description":"Zavirite u svijet Tour of Bosnia and Herzegovina kroz na\u0161e foto i video materijale te do\u017eivite atmosferu me\u0111unarodne biciklisti\u010dke utrke...","robots":{"index":"index","follow":"follow","max-snippet":"max-snippet:-1","max-image-preview":"max-image-preview:large","max-video-preview":"max-video-preview:-1"},"canonical":"https:\/\/tourbih.ba\/en\/mediji\/","og_locale":"en_US","og_type":"article","og_title":"MEDIJI","og_description":"Zavirite u svijet Tour of Bosnia and Herzegovina kroz na\u0161e foto i video materijale te do\u017eivite atmosferu me\u0111unarodne biciklisti\u010dke utrke...","og_url":"https:\/\/tourbih.ba\/en\/mediji\/","og_site_name":"Tour BiH","article_modified_time":"2026-04-01T08:00:17+00:00","twitter_card":"summary_large_image","twitter_misc":{"Est. reading time":"10 minutes"},"schema":{"@context":"https:\/\/schema.org","@graph":[{"@type":"WebPage","@id":"https:\/\/tourbih.ba\/mediji\/","url":"https:\/\/tourbih.ba\/mediji\/","name":"MEDIJI - Tour BiH","isPartOf":{"@id":"https:\/\/tourbih.ba\/#website"},"datePublished":"2026-01-11T17:07:52+00:00","dateModified":"2026-04-01T08:00:17+00:00","description":"Zavirite u svijet Tour of Bosnia and Herzegovina kroz na\u0161e foto i video materijale te do\u017eivite atmosferu me\u0111unarodne biciklisti\u010dke utrke...","breadcrumb":{"@id":"https:\/\/tourbih.ba\/mediji\/#breadcrumb"},"inLanguage":"en-US","potentialAction":[{"@type":"ReadAction","target":["https:\/\/tourbih.ba\/mediji\/"]}]},{"@type":"BreadcrumbList","@id":"https:\/\/tourbih.ba\/mediji\/#breadcrumb","itemListElement":[{"@type":"ListItem","position":1,"name":"Home","item":"https:\/\/tourbih.ba\/"},{"@type":"ListItem","position":2,"name":"MEDIJI"}]},{"@type":"WebSite","@id":"https:\/\/tourbih.ba\/#website","url":"https:\/\/tourbih.ba\/","name":"Tour BiH","description":"","potentialAction":[{"@type":"SearchAction","target":{"@type":"EntryPoint","urlTemplate":"https:\/\/tourbih.ba\/?s={search_term_string}"},"query-input":{"@type":"PropertyValueSpecification","valueRequired":true,"valueName":"search_term_string"}}],"inLanguage":"en-US"}]}},"_links":{"self":[{"href":"https:\/\/tourbih.ba\/en\/wp-json\/wp\/v2\/pages\/3173","targetHints":{"allow":["GET"]}}],"collection":[{"href":"https:\/\/tourbih.ba\/en\/wp-json\/wp\/v2\/pages"}],"about":[{"href":"https:\/\/tourbih.ba\/en\/wp-json\/wp\/v2\/types\/page"}],"author":[{"embeddable":true,"href":"https:\/\/tourbih.ba\/en\/wp-json\/wp\/v2\/users\/2"}],"replies":[{"embeddable":true,"href":"https:\/\/tourbih.ba\/en\/wp-json\/wp\/v2\/comments?post=3173"}],"version-history":[{"count":5,"href":"https:\/\/tourbih.ba\/en\/wp-json\/wp\/v2\/pages\/3173\/revisions"}],"predecessor-version":[{"id":3987,"href":"https:\/\/tourbih.ba\/en\/wp-json\/wp\/v2\/pages\/3173\/revisions\/3987"}],"wp:attachment":[{"href":"https:\/\/tourbih.ba\/en\/wp-json\/wp\/v2\/media?parent=3173"}],"curies":[{"name":"wp","href":"https:\/\/api.w.org\/{rel}","templated":true}]}}