{"id":3161,"date":"2026-01-11T16:47:53","date_gmt":"2026-01-11T16:47:53","guid":{"rendered":"https:\/\/tourbih.ba\/?page_id=3161"},"modified":"2026-04-19T05:09:17","modified_gmt":"2026-04-19T05:09:17","slug":"rezultati","status":"publish","type":"page","link":"https:\/\/tourbih.ba\/en\/rezultati\/","title":{"rendered":"RESULTS"},"content":{"rendered":"<h2 class=\"wp-block-heading\" id=\"h-stage-1-sarajevo-mostar-139-4km\">Stage 1  <strong>\u00bb \u00a0\u00a0<\/strong>Sarajevo \u00a0\u203a\u00a0 Mostar (139.4km)<\/h2>\n\n\n<div class=\"wp-block-image\">\n<figure class=\"aligncenter size-large\"><a href=\"https:\/\/www.procyclingstats.com\/race\/tour-of-bosnia-and-herzegovina\/2026\/stage-1\" target=\"_blank\" rel=\" noreferrer noopener\"><img loading=\"lazy\" decoding=\"async\" width=\"1024\" height=\"774\" src=\"https:\/\/tourbih.ba\/wp-content\/uploads\/2026\/04\/SARAJEVO-MOSTAR-1-ETAPA-1024x774.webp\" alt=\"\" class=\"wp-image-4039\" srcset=\"https:\/\/tourbih.ba\/wp-content\/uploads\/2026\/04\/SARAJEVO-MOSTAR-1-ETAPA-1024x774.webp 1024w, https:\/\/tourbih.ba\/wp-content\/uploads\/2026\/04\/SARAJEVO-MOSTAR-1-ETAPA-300x227.webp 300w, https:\/\/tourbih.ba\/wp-content\/uploads\/2026\/04\/SARAJEVO-MOSTAR-1-ETAPA-768x580.webp 768w, https:\/\/tourbih.ba\/wp-content\/uploads\/2026\/04\/SARAJEVO-MOSTAR-1-ETAPA-16x12.webp 16w, https:\/\/tourbih.ba\/wp-content\/uploads\/2026\/04\/SARAJEVO-MOSTAR-1-ETAPA.webp 1109w\" sizes=\"auto, (max-width: 1024px) 100vw, 1024px\" \/><\/a><\/figure>\n<\/div>\n\n\n<h2 class=\"wp-block-heading\" id=\"h-stage-2-mostar-ljubuski-121-1km\">Stage 2<strong>\u00a0 \u00bb \u00a0\u00a0<\/strong>Mostar \u00a0\u203a\u00a0 Ljubuski (121.1km)<\/h2>\n\n\n<div class=\"wp-block-image\">\n<figure class=\"aligncenter size-large\"><a href=\"https:\/\/www.procyclingstats.com\/race\/tour-of-bosnia-and-herzegovina\/2026\/stage-2\/result\/result\" target=\"_blank\" rel=\" noreferrer noopener\"><img loading=\"lazy\" decoding=\"async\" width=\"1024\" height=\"773\" src=\"https:\/\/tourbih.ba\/wp-content\/uploads\/2026\/04\/MOSTAR-LJUBUSKI-2-ETAPA-1024x773.webp\" alt=\"\" class=\"wp-image-4045\" srcset=\"https:\/\/tourbih.ba\/wp-content\/uploads\/2026\/04\/MOSTAR-LJUBUSKI-2-ETAPA-1024x773.webp 1024w, https:\/\/tourbih.ba\/wp-content\/uploads\/2026\/04\/MOSTAR-LJUBUSKI-2-ETAPA-300x226.webp 300w, https:\/\/tourbih.ba\/wp-content\/uploads\/2026\/04\/MOSTAR-LJUBUSKI-2-ETAPA-768x580.webp 768w, https:\/\/tourbih.ba\/wp-content\/uploads\/2026\/04\/MOSTAR-LJUBUSKI-2-ETAPA-16x12.webp 16w, https:\/\/tourbih.ba\/wp-content\/uploads\/2026\/04\/MOSTAR-LJUBUSKI-2-ETAPA.webp 1110w\" sizes=\"auto, (max-width: 1024px) 100vw, 1024px\" \/><\/a><\/figure>\n<\/div>\n\n\n<p class=\"has-text-align-right\"><strong>Source: <em><a href=\"https:\/\/www.procyclingstats.com\" type=\"link\" id=\"https:\/\/www.procyclingstats.com\">www.procyclingstats.com\/<\/a><\/em><\/strong><\/p>\n\n\n\n<p><\/p>","protected":false},"excerpt":{"rendered":"<p>Stage 1 \u00bb \u00a0\u00a0Sarajevo \u00a0\u203a\u00a0 Mostar (139.4km) Stage 2\u00a0 \u00bb \u00a0\u00a0Mostar \u00a0\u203a\u00a0 Ljubuski (121.1km) Source: www.procyclingstats.com\/<\/p>","protected":false},"author":2,"featured_media":0,"parent":0,"menu_order":0,"comment_status":"closed","ping_status":"closed","template":"","meta":{"footnotes":""},"class_list":["post-3161","page","type-page","status-publish","hentry"],"yoast_head":"<!-- This site is optimized with the Yoast SEO Premium plugin v26.7 (Yoast SEO v27.5) - https:\/\/yoast.com\/product\/yoast-seo-premium-wordpress\/ -->\n<title>REZULTATI - Tour BiH<\/title>\n<meta name=\"description\" content=\"Rezultati Tour of Bosnia and Herzegovina \u2013 slu\u017ebeni poredci etapa i ukupni rezultati me\u0111unarodne biciklisti\u010dke utrke...\" \/>\n<meta name=\"robots\" content=\"index, follow, max-snippet:-1, max-image-preview:large, max-video-preview:-1\" \/>\n<link rel=\"canonical\" href=\"https:\/\/tourbih.ba\/en\/rezultati\/\" \/>\n<meta property=\"og:locale\" content=\"en_US\" \/>\n<meta property=\"og:type\" content=\"article\" \/>\n<meta property=\"og:title\" content=\"REZULTATI\" \/>\n<meta property=\"og:description\" content=\"Rezultati Tour of Bosnia and Herzegovina \u2013 slu\u017ebeni poredci etapa i ukupni rezultati me\u0111unarodne biciklisti\u010dke utrke...\" \/>\n<meta property=\"og:url\" content=\"https:\/\/tourbih.ba\/en\/rezultati\/\" \/>\n<meta property=\"og:site_name\" content=\"Tour BiH\" \/>\n<meta property=\"article:modified_time\" content=\"2026-04-19T05:09:17+00:00\" \/>\n<meta property=\"og:image\" content=\"https:\/\/tourbih.ba\/wp-content\/uploads\/2026\/04\/SARAJEVO-MOSTAR-1-ETAPA.webp\" \/>\n\t<meta property=\"og:image:width\" content=\"1109\" \/>\n\t<meta property=\"og:image:height\" content=\"838\" \/>\n\t<meta property=\"og:image:type\" content=\"image\/webp\" \/>\n<meta name=\"twitter:card\" content=\"summary_large_image\" \/>\n<meta name=\"twitter:label1\" content=\"Est. reading time\" \/>\n\t<meta name=\"twitter:data1\" content=\"10 minutes\" \/>\n<script type=\"application\/ld+json\" class=\"yoast-schema-graph\">{\"@context\":\"https:\\\/\\\/schema.org\",\"@graph\":[{\"@type\":\"WebPage\",\"@id\":\"https:\\\/\\\/tourbih.ba\\\/rezultati\\\/\",\"url\":\"https:\\\/\\\/tourbih.ba\\\/rezultati\\\/\",\"name\":\"REZULTATI - Tour BiH\",\"isPartOf\":{\"@id\":\"https:\\\/\\\/tourbih.ba\\\/#website\"},\"primaryImageOfPage\":{\"@id\":\"https:\\\/\\\/tourbih.ba\\\/rezultati\\\/#primaryimage\"},\"image\":{\"@id\":\"https:\\\/\\\/tourbih.ba\\\/rezultati\\\/#primaryimage\"},\"thumbnailUrl\":\"https:\\\/\\\/tourbih.ba\\\/wp-content\\\/uploads\\\/2026\\\/04\\\/SARAJEVO-MOSTAR-1-ETAPA-1024x774.webp\",\"datePublished\":\"2026-01-11T16:47:53+00:00\",\"dateModified\":\"2026-04-19T05:09:17+00:00\",\"description\":\"Rezultati Tour of Bosnia and Herzegovina \u2013 slu\u017ebeni poredci etapa i ukupni rezultati me\u0111unarodne biciklisti\u010dke utrke...\",\"breadcrumb\":{\"@id\":\"https:\\\/\\\/tourbih.ba\\\/rezultati\\\/#breadcrumb\"},\"inLanguage\":\"en-US\",\"potentialAction\":[{\"@type\":\"ReadAction\",\"target\":[\"https:\\\/\\\/tourbih.ba\\\/rezultati\\\/\"]}]},{\"@type\":\"ImageObject\",\"inLanguage\":\"en-US\",\"@id\":\"https:\\\/\\\/tourbih.ba\\\/rezultati\\\/#primaryimage\",\"url\":\"https:\\\/\\\/tourbih.ba\\\/wp-content\\\/uploads\\\/2026\\\/04\\\/SARAJEVO-MOSTAR-1-ETAPA-1024x774.webp\",\"contentUrl\":\"https:\\\/\\\/tourbih.ba\\\/wp-content\\\/uploads\\\/2026\\\/04\\\/SARAJEVO-MOSTAR-1-ETAPA-1024x774.webp\"},{\"@type\":\"BreadcrumbList\",\"@id\":\"https:\\\/\\\/tourbih.ba\\\/rezultati\\\/#breadcrumb\",\"itemListElement\":[{\"@type\":\"ListItem\",\"position\":1,\"name\":\"Home\",\"item\":\"https:\\\/\\\/tourbih.ba\\\/\"},{\"@type\":\"ListItem\",\"position\":2,\"name\":\"REZULTATI\"}]},{\"@type\":\"WebSite\",\"@id\":\"https:\\\/\\\/tourbih.ba\\\/#website\",\"url\":\"https:\\\/\\\/tourbih.ba\\\/\",\"name\":\"Tour BiH\",\"description\":\"\",\"potentialAction\":[{\"@type\":\"SearchAction\",\"target\":{\"@type\":\"EntryPoint\",\"urlTemplate\":\"https:\\\/\\\/tourbih.ba\\\/?s={search_term_string}\"},\"query-input\":{\"@type\":\"PropertyValueSpecification\",\"valueRequired\":true,\"valueName\":\"search_term_string\"}}],\"inLanguage\":\"en-US\"}]}<\/script>\n<!-- \/ Yoast SEO Premium plugin. -->","yoast_head_json":{"title":"REZULTATI - Tour BiH","description":"Rezultati Tour of Bosnia and Herzegovina \u2013 slu\u017ebeni poredci etapa i ukupni rezultati me\u0111unarodne biciklisti\u010dke utrke...","robots":{"index":"index","follow":"follow","max-snippet":"max-snippet:-1","max-image-preview":"max-image-preview:large","max-video-preview":"max-video-preview:-1"},"canonical":"https:\/\/tourbih.ba\/en\/rezultati\/","og_locale":"en_US","og_type":"article","og_title":"REZULTATI","og_description":"Rezultati Tour of Bosnia and Herzegovina \u2013 slu\u017ebeni poredci etapa i ukupni rezultati me\u0111unarodne biciklisti\u010dke utrke...","og_url":"https:\/\/tourbih.ba\/en\/rezultati\/","og_site_name":"Tour BiH","article_modified_time":"2026-04-19T05:09:17+00:00","og_image":[{"width":1109,"height":838,"url":"https:\/\/tourbih.ba\/wp-content\/uploads\/2026\/04\/SARAJEVO-MOSTAR-1-ETAPA.webp","type":"image\/webp"}],"twitter_card":"summary_large_image","twitter_misc":{"Est. reading time":"10 minutes"},"schema":{"@context":"https:\/\/schema.org","@graph":[{"@type":"WebPage","@id":"https:\/\/tourbih.ba\/rezultati\/","url":"https:\/\/tourbih.ba\/rezultati\/","name":"REZULTATI - Tour BiH","isPartOf":{"@id":"https:\/\/tourbih.ba\/#website"},"primaryImageOfPage":{"@id":"https:\/\/tourbih.ba\/rezultati\/#primaryimage"},"image":{"@id":"https:\/\/tourbih.ba\/rezultati\/#primaryimage"},"thumbnailUrl":"https:\/\/tourbih.ba\/wp-content\/uploads\/2026\/04\/SARAJEVO-MOSTAR-1-ETAPA-1024x774.webp","datePublished":"2026-01-11T16:47:53+00:00","dateModified":"2026-04-19T05:09:17+00:00","description":"Rezultati Tour of Bosnia and Herzegovina \u2013 slu\u017ebeni poredci etapa i ukupni rezultati me\u0111unarodne biciklisti\u010dke utrke...","breadcrumb":{"@id":"https:\/\/tourbih.ba\/rezultati\/#breadcrumb"},"inLanguage":"en-US","potentialAction":[{"@type":"ReadAction","target":["https:\/\/tourbih.ba\/rezultati\/"]}]},{"@type":"ImageObject","inLanguage":"en-US","@id":"https:\/\/tourbih.ba\/rezultati\/#primaryimage","url":"https:\/\/tourbih.ba\/wp-content\/uploads\/2026\/04\/SARAJEVO-MOSTAR-1-ETAPA-1024x774.webp","contentUrl":"https:\/\/tourbih.ba\/wp-content\/uploads\/2026\/04\/SARAJEVO-MOSTAR-1-ETAPA-1024x774.webp"},{"@type":"BreadcrumbList","@id":"https:\/\/tourbih.ba\/rezultati\/#breadcrumb","itemListElement":[{"@type":"ListItem","position":1,"name":"Home","item":"https:\/\/tourbih.ba\/"},{"@type":"ListItem","position":2,"name":"REZULTATI"}]},{"@type":"WebSite","@id":"https:\/\/tourbih.ba\/#website","url":"https:\/\/tourbih.ba\/","name":"Tour BiH","description":"","potentialAction":[{"@type":"SearchAction","target":{"@type":"EntryPoint","urlTemplate":"https:\/\/tourbih.ba\/?s={search_term_string}"},"query-input":{"@type":"PropertyValueSpecification","valueRequired":true,"valueName":"search_term_string"}}],"inLanguage":"en-US"}]}},"_links":{"self":[{"href":"https:\/\/tourbih.ba\/en\/wp-json\/wp\/v2\/pages\/3161","targetHints":{"allow":["GET"]}}],"collection":[{"href":"https:\/\/tourbih.ba\/en\/wp-json\/wp\/v2\/pages"}],"about":[{"href":"https:\/\/tourbih.ba\/en\/wp-json\/wp\/v2\/types\/page"}],"author":[{"embeddable":true,"href":"https:\/\/tourbih.ba\/en\/wp-json\/wp\/v2\/users\/2"}],"replies":[{"embeddable":true,"href":"https:\/\/tourbih.ba\/en\/wp-json\/wp\/v2\/comments?post=3161"}],"version-history":[{"count":4,"href":"https:\/\/tourbih.ba\/en\/wp-json\/wp\/v2\/pages\/3161\/revisions"}],"predecessor-version":[{"id":4055,"href":"https:\/\/tourbih.ba\/en\/wp-json\/wp\/v2\/pages\/3161\/revisions\/4055"}],"wp:attachment":[{"href":"https:\/\/tourbih.ba\/en\/wp-json\/wp\/v2\/media?parent=3161"}],"curies":[{"name":"wp","href":"https:\/\/api.w.org\/{rel}","templated":true}]}}