{"id":2575,"date":"2026-01-09T17:44:28","date_gmt":"2026-01-09T17:44:28","guid":{"rendered":"https:\/\/tourbih.ba\/?page_id=2575"},"modified":"2026-04-02T09:30:20","modified_gmt":"2026-04-02T09:30:20","slug":"o-utrci","status":"publish","type":"page","link":"https:\/\/tourbih.ba\/en\/o-utrci\/","title":{"rendered":"ABOUT THE RACE"},"content":{"rendered":"<p>Organization of an international cycling race <strong>Tour of Bosnia and Herzegovina<\/strong> marks a historic step forward for professional cycling in Bosnia and Herzegovina. The race will be run through several stages that will connect different regions of the country, passing through recognizable cities, natural landscapes and areas rich in cultural and historical heritage. The starts and finishes of the stages will be located in attractive locations that welcome domestic and international competitors, as well as numerous visitors, with equal enthusiasm.<\/p>\n\n\n\n<p>marks a historic step forward for professional cycling in Bosnia and Herzegovina. The race will be run through several stages that will connect different regions of the country, passing through recognizable cities, natural landscapes and areas rich in cultural and historical heritage. The starts and finishes of the stages will be located in attractive locations that welcome domestic and international competitors, as well as numerous visitors, with equal enthusiasm.<\/p>\n\n\n\n<p>The Tour of Bosnia and Herzegovina is not only a sports competition, but also an important promotional project that contributes to the development of sports, tourism and international recognition of Bosnia and Herzegovina. The race brings together institutions, host cities, sports organizations and partners with the aim of creating a long-term platform for the development of professional cycling and active tourism.<\/p>\n\n\n\n<p>The sports segment of the race will be at a high international level, with the participation of professional teams and top cyclists from different parts of the world. Dynamic stages, demanding profiles and diverse terrains guarantee exciting battles, tactical challenges and attractive competition throughout all days of the race.<\/p>\n\n\n\n<p>Thanks to the combination of top-notch sport, spectacular routes and the hospitality of local communities, the Tour of Bosnia and Herzegovina will provide a unique experience not only for competitors, but also for spectators who will have the opportunity to experience the energy of a professional cycling race up close and become part of a new sporting chapter in Bosnia and Herzegovina.<\/p>","protected":false},"excerpt":{"rendered":"<p>Organizacija me\u0111unarodne biciklisti\u010dke utrke Tour of Bosnia and Herzegovina ozna\u010dava povijesni iskorak za profesionalni biciklizam u Bosni i Hercegovini. Utrka \u0107e se voziti kroz vi\u0161e etapa koje \u0107e povezati razli\u010dite regije zemlje, prolaze\u0107i kroz prepoznatljive gradove, prirodne krajolike i podru\u010dja bogate kulturne i povijesne ba\u0161tine. Startovi i ciljevi etapa bit \u0107e smje\u0161teni na atraktivnim lokacijama [&hellip;]<\/p>\n","protected":false},"author":2,"featured_media":0,"parent":0,"menu_order":0,"comment_status":"closed","ping_status":"closed","template":"","meta":{"footnotes":""},"class_list":["post-2575","page","type-page","status-publish","hentry"],"yoast_head":"<!-- This site is optimized with the Yoast SEO Premium plugin v26.7 (Yoast SEO v27.5) - https:\/\/yoast.com\/product\/yoast-seo-premium-wordpress\/ -->\n<title>O UTRCI - Tour BiH<\/title>\n<meta name=\"description\" content=\"Organizacija me\u0111unarodne biciklisti\u010dke utrke Tour of Bosnia and Herzegovina ozna\u010dava povijesni iskorak za profesionalni biciklizam u BiH...\" \/>\n<meta name=\"robots\" content=\"index, follow, max-snippet:-1, max-image-preview:large, max-video-preview:-1\" \/>\n<link rel=\"canonical\" href=\"https:\/\/tourbih.ba\/en\/o-utrci\/\" \/>\n<meta property=\"og:locale\" content=\"en_US\" \/>\n<meta property=\"og:type\" content=\"article\" \/>\n<meta property=\"og:title\" content=\"O UTRCI\" \/>\n<meta property=\"og:description\" content=\"Organizacija me\u0111unarodne biciklisti\u010dke utrke Tour of Bosnia and Herzegovina ozna\u010dava povijesni iskorak za profesionalni biciklizam u BiH...\" \/>\n<meta property=\"og:url\" content=\"https:\/\/tourbih.ba\/en\/o-utrci\/\" \/>\n<meta property=\"og:site_name\" content=\"Tour BiH\" \/>\n<meta property=\"article:modified_time\" content=\"2026-04-02T09:30:20+00:00\" \/>\n<meta name=\"twitter:card\" content=\"summary_large_image\" \/>\n<meta name=\"twitter:label1\" content=\"Est. reading time\" \/>\n\t<meta name=\"twitter:data1\" content=\"13 minutes\" \/>\n<script type=\"application\/ld+json\" class=\"yoast-schema-graph\">{\"@context\":\"https:\\\/\\\/schema.org\",\"@graph\":[{\"@type\":\"WebPage\",\"@id\":\"https:\\\/\\\/tourbih.ba\\\/o-utrci\\\/\",\"url\":\"https:\\\/\\\/tourbih.ba\\\/o-utrci\\\/\",\"name\":\"O UTRCI - Tour BiH\",\"isPartOf\":{\"@id\":\"https:\\\/\\\/tourbih.ba\\\/#website\"},\"datePublished\":\"2026-01-09T17:44:28+00:00\",\"dateModified\":\"2026-04-02T09:30:20+00:00\",\"description\":\"Organizacija me\u0111unarodne biciklisti\u010dke utrke Tour of Bosnia and Herzegovina ozna\u010dava povijesni iskorak za profesionalni biciklizam u BiH...\",\"breadcrumb\":{\"@id\":\"https:\\\/\\\/tourbih.ba\\\/o-utrci\\\/#breadcrumb\"},\"inLanguage\":\"en-US\",\"potentialAction\":[{\"@type\":\"ReadAction\",\"target\":[\"https:\\\/\\\/tourbih.ba\\\/o-utrci\\\/\"]}]},{\"@type\":\"BreadcrumbList\",\"@id\":\"https:\\\/\\\/tourbih.ba\\\/o-utrci\\\/#breadcrumb\",\"itemListElement\":[{\"@type\":\"ListItem\",\"position\":1,\"name\":\"Home\",\"item\":\"https:\\\/\\\/tourbih.ba\\\/\"},{\"@type\":\"ListItem\",\"position\":2,\"name\":\"O UTRCI\"}]},{\"@type\":\"WebSite\",\"@id\":\"https:\\\/\\\/tourbih.ba\\\/#website\",\"url\":\"https:\\\/\\\/tourbih.ba\\\/\",\"name\":\"Tour BiH\",\"description\":\"\",\"potentialAction\":[{\"@type\":\"SearchAction\",\"target\":{\"@type\":\"EntryPoint\",\"urlTemplate\":\"https:\\\/\\\/tourbih.ba\\\/?s={search_term_string}\"},\"query-input\":{\"@type\":\"PropertyValueSpecification\",\"valueRequired\":true,\"valueName\":\"search_term_string\"}}],\"inLanguage\":\"en-US\"}]}<\/script>\n<!-- \/ Yoast SEO Premium plugin. -->","yoast_head_json":{"title":"O UTRCI - Tour BiH","description":"Organizacija me\u0111unarodne biciklisti\u010dke utrke Tour of Bosnia and Herzegovina ozna\u010dava povijesni iskorak za profesionalni biciklizam u BiH...","robots":{"index":"index","follow":"follow","max-snippet":"max-snippet:-1","max-image-preview":"max-image-preview:large","max-video-preview":"max-video-preview:-1"},"canonical":"https:\/\/tourbih.ba\/en\/o-utrci\/","og_locale":"en_US","og_type":"article","og_title":"O UTRCI","og_description":"Organizacija me\u0111unarodne biciklisti\u010dke utrke Tour of Bosnia and Herzegovina ozna\u010dava povijesni iskorak za profesionalni biciklizam u BiH...","og_url":"https:\/\/tourbih.ba\/en\/o-utrci\/","og_site_name":"Tour BiH","article_modified_time":"2026-04-02T09:30:20+00:00","twitter_card":"summary_large_image","twitter_misc":{"Est. reading time":"13 minutes"},"schema":{"@context":"https:\/\/schema.org","@graph":[{"@type":"WebPage","@id":"https:\/\/tourbih.ba\/o-utrci\/","url":"https:\/\/tourbih.ba\/o-utrci\/","name":"O UTRCI - Tour BiH","isPartOf":{"@id":"https:\/\/tourbih.ba\/#website"},"datePublished":"2026-01-09T17:44:28+00:00","dateModified":"2026-04-02T09:30:20+00:00","description":"Organizacija me\u0111unarodne biciklisti\u010dke utrke Tour of Bosnia and Herzegovina ozna\u010dava povijesni iskorak za profesionalni biciklizam u BiH...","breadcrumb":{"@id":"https:\/\/tourbih.ba\/o-utrci\/#breadcrumb"},"inLanguage":"en-US","potentialAction":[{"@type":"ReadAction","target":["https:\/\/tourbih.ba\/o-utrci\/"]}]},{"@type":"BreadcrumbList","@id":"https:\/\/tourbih.ba\/o-utrci\/#breadcrumb","itemListElement":[{"@type":"ListItem","position":1,"name":"Home","item":"https:\/\/tourbih.ba\/"},{"@type":"ListItem","position":2,"name":"O UTRCI"}]},{"@type":"WebSite","@id":"https:\/\/tourbih.ba\/#website","url":"https:\/\/tourbih.ba\/","name":"Tour BiH","description":"","potentialAction":[{"@type":"SearchAction","target":{"@type":"EntryPoint","urlTemplate":"https:\/\/tourbih.ba\/?s={search_term_string}"},"query-input":{"@type":"PropertyValueSpecification","valueRequired":true,"valueName":"search_term_string"}}],"inLanguage":"en-US"}]}},"_links":{"self":[{"href":"https:\/\/tourbih.ba\/en\/wp-json\/wp\/v2\/pages\/2575","targetHints":{"allow":["GET"]}}],"collection":[{"href":"https:\/\/tourbih.ba\/en\/wp-json\/wp\/v2\/pages"}],"about":[{"href":"https:\/\/tourbih.ba\/en\/wp-json\/wp\/v2\/types\/page"}],"author":[{"embeddable":true,"href":"https:\/\/tourbih.ba\/en\/wp-json\/wp\/v2\/users\/2"}],"replies":[{"embeddable":true,"href":"https:\/\/tourbih.ba\/en\/wp-json\/wp\/v2\/comments?post=2575"}],"version-history":[{"count":5,"href":"https:\/\/tourbih.ba\/en\/wp-json\/wp\/v2\/pages\/2575\/revisions"}],"predecessor-version":[{"id":3992,"href":"https:\/\/tourbih.ba\/en\/wp-json\/wp\/v2\/pages\/2575\/revisions\/3992"}],"wp:attachment":[{"href":"https:\/\/tourbih.ba\/en\/wp-json\/wp\/v2\/media?parent=2575"}],"curies":[{"name":"wp","href":"https:\/\/api.w.org\/{rel}","templated":true}]}}